  {"id":46893,"date":"2019-06-14T13:25:40","date_gmt":"2019-06-14T11:25:40","guid":{"rendered":"https:\/\/www.atotech.com\/?page_id=46893"},"modified":"2026-03-04T10:52:35","modified_gmt":"2026-03-04T09:52:35","slug":"produkte","status":"publish","type":"page","link":"https:\/\/www.atotech.com\/de\/produkte\/","title":{"rendered":"Produkte"},"content":{"rendered":"<p>[et_pb_section fb_built=&#8220;1&#8243; fullwidth=&#8220;on&#8220; custom_padding_last_edited=&#8220;on|desktop&#8220; disabled_on=&#8220;off|off|off&#8220; admin_label=&#8220;section&#8220; _builder_version=&#8220;4.16&#8243; custom_padding_tablet=&#8220;50px|0|50px|0&#8243; custom_padding_phone=&#8220;&#8220; da_disable_devices=&#8220;off|off|off&#8220; transparent_background=&#8220;off&#8220; padding_mobile=&#8220;off&#8220; make_fullwidth=&#8220;off&#8220; use_custom_width=&#8220;off&#8220; width_unit=&#8220;on&#8220; global_colors_info=&#8220;{}&#8220; da_is_popup=&#8220;off&#8220; da_exit_intent=&#8220;off&#8220; da_has_close=&#8220;on&#8220; da_alt_close=&#8220;off&#8220; da_dark_close=&#8220;off&#8220; da_not_modal=&#8220;on&#8220; da_is_singular=&#8220;off&#8220; da_with_loader=&#8220;off&#8220; da_has_shadow=&#8220;on&#8220;][et_pb_fullwidth_slider show_arrows=&#8220;off&#8220; show_pagination=&#8220;off&#8220; admin_label=&#8220;Hero Slider Small&#8220; module_id=&#8220;Top&#8220; module_class=&#8220;atotech-smallslider&#8220; _builder_version=&#8220;4.16&#8243; header_level=&#8220;h3&#8243; header_font_size=&#8220;47&#8243; background_position=&#8220;top_left&#8220; custom_padding=&#8220;100px||100px|&#8220; custom_padding_tablet=&#8220;|||&#8220; custom_padding_phone=&#8220;&#8220; custom_padding_last_edited=&#8220;on|desktop&#8220; header_font_size_tablet=&#8220;&#8220; header_font_size_phone=&#8220;20&#8243; header_font_size_last_edited=&#8220;on|phone&#8220; z_index_tablet=&#8220;500&#8243; box_shadow_style=&#8220;preset6&#8243; box_shadow_blur=&#8220;10px&#8220; box_shadow_color=&#8220;rgba(0,0,0,0.1)&#8220; top_padding=&#8220;100px&#8220; bottom_padding=&#8220;100px&#8220; remove_inner_shadow=&#8220;off&#8220; hide_content_on_mobile=&#8220;off&#8220; hide_cta_on_mobile=&#8220;off&#8220; show_inner_shadow=&#8220;on&#8220; global_colors_info=&#8220;{}&#8220; button_text_size__hover_enabled=&#8220;off&#8220; button_text_size__hover=&#8220;null&#8220; button_one_text_size__hover_enabled=&#8220;off&#8220; button_one_text_size__hover=&#8220;null&#8220; button_two_text_size__hover_enabled=&#8220;off&#8220; button_two_text_size__hover=&#8220;null&#8220; button_text_color__hover_enabled=&#8220;off&#8220; button_text_color__hover=&#8220;null&#8220; button_one_text_color__hover_enabled=&#8220;off&#8220; button_one_text_color__hover=&#8220;null&#8220; button_two_text_color__hover_enabled=&#8220;off&#8220; button_two_text_color__hover=&#8220;null&#8220; button_border_width__hover_enabled=&#8220;off&#8220; button_border_width__hover=&#8220;null&#8220; button_one_border_width__hover_enabled=&#8220;off&#8220; button_one_border_width__hover=&#8220;null&#8220; button_two_border_width__hover_enabled=&#8220;off&#8220; button_two_border_width__hover=&#8220;null&#8220; button_border_color__hover_enabled=&#8220;off&#8220; button_border_color__hover=&#8220;null&#8220; button_one_border_color__hover_enabled=&#8220;off&#8220; button_one_border_color__hover=&#8220;null&#8220; button_two_border_color__hover_enabled=&#8220;off&#8220; button_two_border_color__hover=&#8220;null&#8220; button_border_radius__hover_enabled=&#8220;off&#8220; button_border_radius__hover=&#8220;null&#8220; button_one_border_radius__hover_enabled=&#8220;off&#8220; button_one_border_radius__hover=&#8220;null&#8220; button_two_border_radius__hover_enabled=&#8220;off&#8220; button_two_border_radius__hover=&#8220;null&#8220; button_letter_spacing__hover_enabled=&#8220;off&#8220; button_letter_spacing__hover=&#8220;null&#8220; button_one_letter_spacing__hover_enabled=&#8220;off&#8220; button_one_letter_spacing__hover=&#8220;null&#8220; button_two_letter_spacing__hover_enabled=&#8220;off&#8220; button_two_letter_spacing__hover=&#8220;null&#8220; button_bg_color__hover_enabled=&#8220;off&#8220; button_bg_color__hover=&#8220;null&#8220; button_one_bg_color__hover_enabled=&#8220;off&#8220; button_one_bg_color__hover=&#8220;null&#8220; button_two_bg_color__hover_enabled=&#8220;off&#8220; button_two_bg_color__hover=&#8220;null&#8220;][et_pb_slide use_bg_overlay=&#8220;off&#8220; use_text_overlay=&#8220;off&#8220; _builder_version=&#8220;4.16&#8243; background_color=&#8220;#ffffff&#8220; background_image=&#8220;https:\/\/www.atotech.com\/wp-content\/uploads\/2019\/03\/06-atotech-header-products.jpg&#8220; background_position=&#8220;bottom_center&#8220; button_on_hover=&#8220;on&#8220; header_font_size_tablet=&#8220;&#8220; header_font_size_phone=&#8220;&#8220; header_font_size_last_edited=&#8220;on|desktop&#8220; global_colors_info=&#8220;{}&#8220; sticky_transition=&#8220;on&#8220;]<\/p>\n<div class=\"slidercontent-left\">\n<h3>Atotechs L\u00f6sungen<\/h3>\n<p><a class=\"et_pb_more_button et_pb_button\" href=\"#product-overview\">Produkt\u00fcbersicht<\/a><\/p>\n<\/div>\n<p>[\/et_pb_slide][\/et_pb_fullwidth_slider][\/et_pb_section][et_pb_section fb_built=&#8220;1&#8243; custom_padding_last_edited=&#8220;on|desktop&#8220; admin_label=&#8220;section&#8220; module_class=&#8220;breadcrumb-container background-1&#8243; _builder_version=&#8220;4.16&#8243; custom_padding_tablet=&#8220;&#8220; custom_padding_phone=&#8220;&#8220; da_disable_devices=&#8220;off|off|off&#8220; transparent_background=&#8220;off&#8220; global_colors_info=&#8220;{}&#8220; da_is_popup=&#8220;off&#8220; da_exit_intent=&#8220;off&#8220; da_has_close=&#8220;on&#8220; da_alt_close=&#8220;off&#8220; da_dark_close=&#8220;off&#8220; da_not_modal=&#8220;on&#8220; da_is_singular=&#8220;off&#8220; da_with_loader=&#8220;off&#8220; da_has_shadow=&#8220;on&#8220;][et_pb_row admin_label=&#8220;row&#8220; _builder_version=&#8220;4.16&#8243; background_size=&#8220;initial&#8220; background_position=&#8220;top_left&#8220; background_repeat=&#8220;repeat&#8220; global_colors_info=&#8220;{}&#8220;][et_pb_column type=&#8220;4_4&#8243; _builder_version=&#8220;4.16&#8243; custom_padding=&#8220;|||&#8220; global_colors_info=&#8220;{}&#8220; custom_padding__hover=&#8220;|||&#8220;][et_pb_text admin_label=&#8220;Breadcrumb&#8220; _builder_version=&#8220;4.16&#8243; background_size=&#8220;initial&#8220; background_position=&#8220;top_left&#8220; background_repeat=&#8220;repeat&#8220; use_border_color=&#8220;off&#8220; global_colors_info=&#8220;{}&#8220;]<\/p>\n<p>\n<nav class=\"atotech-breadcrumb\"><a href=\"https:\/\/www.atotech.com\/de\/\">Home<\/a> <span class=\"bc-divider\"><i class=\"icon-arrow\"><\/i><\/span> <span class=\"current-page\">Seite<\/span><\/nav><br \/>\n[\/et_pb_text][\/et_pb_column][\/et_pb_row][\/et_pb_section][et_pb_section fb_built=&#8220;1&#8243; module_class=&#8220;background-1&#8243; _builder_version=&#8220;4.16&#8243; da_disable_devices=&#8220;off|off|off&#8220; global_colors_info=&#8220;{}&#8220; da_is_popup=&#8220;off&#8220; da_exit_intent=&#8220;off&#8220; da_has_close=&#8220;on&#8220; da_alt_close=&#8220;off&#8220; da_dark_close=&#8220;off&#8220; da_not_modal=&#8220;on&#8220; da_is_singular=&#8220;off&#8220; da_with_loader=&#8220;off&#8220; da_has_shadow=&#8220;on&#8220;][et_pb_row column_structure=&#8220;2_3,1_3&#8243; module_class=&#8220;revamp-header small&#8220; _builder_version=&#8220;4.16&#8243; global_colors_info=&#8220;{}&#8220;][et_pb_column type=&#8220;2_3&#8243; _builder_version=&#8220;4.16&#8243; custom_padding=&#8220;|||&#8220; global_colors_info=&#8220;{}&#8220; custom_padding__hover=&#8220;|||&#8220;][et_pb_text admin_label=&#8220;H1: Intro products&#8220; _builder_version=&#8220;4.16&#8243; z_index_tablet=&#8220;500&#8243; global_colors_info=&#8220;{}&#8220;]<\/p>\n<h1>Unsere Produkte<\/h1>\n<p>[\/et_pb_text][et_pb_text _builder_version=&#8220;4.16&#8243; z_index_tablet=&#8220;500&#8243; global_colors_info=&#8220;{}&#8220;]<\/p>\n<p>Unabh\u00e4ngig vom Markt oder dem Produktionssektor: Die Wahrscheinlichkeit ist hoch, dass das fertige Produkt Chemie von Atotech enth\u00e4lt. Wir sind zwar nicht \u00fcberall, aber Sie k\u00f6nnen unsere Produkte und L\u00f6sungen in einer Vielzahl an wichtigen Endm\u00e4rkten finden. Darunter sind Oberfl\u00e4chenveredelungen und Elektronik f\u00fcr die Automobilbranche, Kommunikationsl\u00f6sungen f\u00fcr Smartphones, Vernetzung und Cloud Computing der n\u00e4chsten Generation, Infrastruktur zur Verarbeitung von Big Data, medizinische Ger\u00e4te, Haushaltsger\u00e4te usw. Mit unserem ganzheitlichen System- und L\u00f6sungsansatz f\u00fcr Chemie, Anlagen und Service k\u00f6nnen wir unseren Kunden eine umfangreiche Auswahl an innovativen Chemikalien und erstklassigen Anlagen bieten.<\/p>\n<p>[\/et_pb_text][\/et_pb_column][et_pb_column type=&#8220;1_3&#8243; _builder_version=&#8220;4.16&#8243; custom_padding=&#8220;|||&#8220; global_colors_info=&#8220;{}&#8220; custom_padding__hover=&#8220;|||&#8220;][\/et_pb_column][\/et_pb_row][\/et_pb_section][et_pb_section fb_built=&#8220;1&#8243; custom_padding_last_edited=&#8220;on|desktop&#8220; disabled_on=&#8220;off|off|off&#8220; admin_label=&#8220;section&#8220; module_class=&#8220;special-list background-4&#8243; _builder_version=&#8220;4.16&#8243; custom_padding_tablet=&#8220;50px|0|50px|0&#8243; custom_padding_phone=&#8220;&#8220; da_disable_devices=&#8220;off|off|off&#8220; global_colors_info=&#8220;{}&#8220; da_is_popup=&#8220;off&#8220; da_exit_intent=&#8220;off&#8220; da_has_close=&#8220;on&#8220; da_alt_close=&#8220;off&#8220; da_dark_close=&#8220;off&#8220; da_not_modal=&#8220;on&#8220; da_is_singular=&#8220;off&#8220; da_with_loader=&#8220;off&#8220; da_has_shadow=&#8220;on&#8220;][et_pb_row admin_label=&#8220;row&#8220; _builder_version=&#8220;4.16&#8243; background_size=&#8220;initial&#8220; background_position=&#8220;top_left&#8220; background_repeat=&#8220;repeat&#8220; global_colors_info=&#8220;{}&#8220;][et_pb_column type=&#8220;4_4&#8243; _builder_version=&#8220;4.16&#8243; custom_padding=&#8220;|||&#8220; global_colors_info=&#8220;{}&#8220; custom_padding__hover=&#8220;|||&#8220;][et_pb_text admin_label=&#8220;Headline jmÌìÌÃ¹ÙÍø&#8220; module_id=&#8220;product-overview&#8220; _builder_version=&#8220;4.16&#8243; background_size=&#8220;initial&#8220; background_position=&#8220;top_left&#8220; background_repeat=&#8220;repeat&#8220; module_alignment=&#8220;left&#8220; z_index_tablet=&#8220;500&#8243; global_colors_info=&#8220;{}&#8220;]<\/p>\n<h2>Atotechs Produkte<\/h2>\n<h3>Chemie, Anlagen und Service<\/h3>\n<p>[\/et_pb_text][\/et_pb_column][\/et_pb_row][et_pb_row column_structure=&#8220;1_2,1_2&#8243; admin_label=&#8220;row&#8220; _builder_version=&#8220;4.16&#8243; background_size=&#8220;initial&#8220; background_position=&#8220;top_left&#8220; background_repeat=&#8220;repeat&#8220; global_colors_info=&#8220;{}&#8220;][et_pb_column type=&#8220;1_2&#8243; _builder_version=&#8220;4.16&#8243; custom_padding=&#8220;|||&#8220; global_colors_info=&#8220;{}&#8220; custom_padding__hover=&#8220;|||&#8220;][et_pb_image src=&#8220;https:\/\/www.atotech.com\/wp-content\/uploads\/2019\/01\/Foldable-Smartphone-retina.jpg&#8220; alt=&#8220;Foldable Smartphone-retina&#8220; align_tablet=&#8220;center&#8220; align_phone=&#8220;center&#8220; align_last_edited=&#8220;on|desktop&#8220; _builder_version=&#8220;4.16&#8243; global_colors_info=&#8220;{}&#8220;][\/et_pb_image][et_pb_text module_class=&#8220;same-height list-line-style&#8220; _builder_version=&#8220;4.23.1&#8243; z_index_tablet=&#8220;500&#8243; global_colors_info=&#8220;{}&#8220;]<\/p>\n<h4><a href=\"https:\/\/www.atotech.com\/de\/produkte\/electronics\/\">Electronics<\/a><\/h4>\n<ul>\n<li><a href=\"https:\/\/www.atotech.com\/de\/produkte\/electronics\/oberflaechenbehandlung\/\">Oberfl\u00e4chenbehandlung<\/a><\/li>\n<li><a href=\"https:\/\/www.atotech.com\/jp\/desmear-and-metallization\/\">Desmear und Metallisierung<\/a><\/li>\n<li><a href=\"https:\/\/www.atotech.com\/de\/produkte\/electronics\/electrolytic-plating\/\">Elektrolytische Beschichtung<\/a><\/li>\n<li><a href=\"https:\/\/www.atotech.com\/de\/produkte\/electronics\/endoberflaechen\/\">Endoberfl\u00e4chen<\/a><\/li>\n<li><a href=\"https:\/\/www.atotech.com\/de\/produkte\/electronics\/leadframe-und-steckverbindungen\/\">Leadframes und Steckverbindungen<\/a><\/li>\n<li><a href=\"https:\/\/www.atotech.com\/de\/produkte\/electronics\/halbleiter\/\">Halbleiter<\/a><\/li>\n<li><a href=\"https:\/\/www.atotech.com\/de\/produkte\/electronics\/electronics-anlagentechnologie\/\">Anlagen<\/a><\/li>\n<li><a href=\"https:\/\/www.atotech.com\/de\/produkte\/electronics\/industrial-digital-solutions\/\">Industrielle digitale L\u00f6sungen<\/a><\/li>\n<\/ul>\n<p>[\/et_pb_text][\/et_pb_column][et_pb_column type=&#8220;1_2&#8243; _builder_version=&#8220;4.16&#8243; custom_padding=&#8220;|||&#8220; global_colors_info=&#8220;{}&#8220; custom_padding__hover=&#8220;|||&#8220;][et_pb_image src=&#8220;https:\/\/www.atotech.com\/wp-content\/uploads\/2019\/01\/Atotech-Automobile-retina.jpg&#8220; alt=&#8220;Atotech-Automobile-retina&#8220; align_tablet=&#8220;center&#8220; align_phone=&#8220;center&#8220; align_last_edited=&#8220;on|desktop&#8220; _builder_version=&#8220;4.16&#8243; global_colors_info=&#8220;{}&#8220;][\/et_pb_image][et_pb_text module_class=&#8220;same-height list-line-style&#8220; _builder_version=&#8220;4.16&#8243; z_index_tablet=&#8220;500&#8243; global_colors_info=&#8220;{}&#8220;]<\/p>\n<h4><a href=\"https:\/\/www.atotech.com\/de\/produkte\/oberflaechenveredelung\/\">General metal finishing<\/a><\/h4>\n<ul>\n<li><a href=\"https:\/\/www.atotech.com\/de\/produkte\/oberflaechenveredelung\/chemische-vorbehandlung\/\">Vorbehandlung<\/a><\/li>\n<li><a href=\"https:\/\/www.atotech.com\/de\/produkte\/oberflaechenveredelung\/korrosionsschutz\/\">Korrosionsschutz<\/a><\/li>\n<li><a href=\"https:\/\/www.atotech.com\/de\/produkte\/oberflaechenveredelung\/dekorative-beschichtung\/\">Dekorative Beschichtung<\/a><\/li>\n<li><a href=\"https:\/\/www.atotech.com\/de\/produkte\/oberflaechenveredelung\/kunststoffmetallisierung\/\">Kunststoffbeschichtung<\/a><\/li>\n<li><a href=\"https:\/\/www.atotech.com\/de\/produkte\/oberflaechenveredelung\/verschleiss-und-korrosionsschutz\/\">Verschlei\u00dfschutzschichten<\/a><\/li>\n<li><a href=\"https:\/\/www.atotech.com\/de\/produkte\/oberflaechenveredelung\/lackvorbehandlung\/\">Verfahren f\u00fcr die Lackierindustrie<\/a><\/li>\n<li><a href=\"https:\/\/www.atotech.com\/de\/anlagentechnologie\/\">Anlagen<\/a><\/li>\n<\/ul>\n<p>[\/et_pb_text][\/et_pb_column][\/et_pb_row][\/et_pb_section][et_pb_section fb_built=&#8220;1&#8243; custom_padding_last_edited=&#8220;on|desktop&#8220; disabled_on=&#8220;off|off|off&#8220; admin_label=&#8220;section&#8220; module_class=&#8220;special-list background-4&#8243; _builder_version=&#8220;4.16&#8243; custom_padding_tablet=&#8220;50px|0|50px|0&#8243; custom_padding_phone=&#8220;&#8220; da_disable_devices=&#8220;off|off|off&#8220; transparent_background=&#8220;off&#8220; locked=&#8220;off&#8220; global_colors_info=&#8220;{}&#8220; da_is_popup=&#8220;off&#8220; da_exit_intent=&#8220;off&#8220; da_has_close=&#8220;on&#8220; da_alt_close=&#8220;off&#8220; da_dark_close=&#8220;off&#8220; da_not_modal=&#8220;on&#8220; da_is_singular=&#8220;off&#8220; da_with_loader=&#8220;off&#8220; da_has_shadow=&#8220;on&#8220;][et_pb_row column_structure=&#8220;3_4,1_4&#8243; admin_label=&#8220;row&#8220; _builder_version=&#8220;4.16&#8243; background_size=&#8220;initial&#8220; background_position=&#8220;top_left&#8220; background_repeat=&#8220;repeat&#8220; global_colors_info=&#8220;{}&#8220;][et_pb_column type=&#8220;3_4&#8243; _builder_version=&#8220;4.16&#8243; custom_padding=&#8220;|||&#8220; global_colors_info=&#8220;{}&#8220; custom_padding__hover=&#8220;|||&#8220;][et_pb_text module_class=&#8220;same-height list-line-style&#8220; _builder_version=&#8220;4.27.4&#8243; z_index_tablet=&#8220;500&#8243; global_colors_info=&#8220;{}&#8220;]<\/p>\n<h2>MKS\u2018 Atotech FAQs Wissensportal<\/h2>\n<p>Dieser FAQ-Bereich beantwortet die h\u00e4ufigsten Fragen zu MKS\u2018 Atotech, unseren Oberfl\u00e4chenbehandlungstechnologien und unserem weltweiten Kundenservice.<\/p>\n<p><a class=\"et_pb_promo_button et_pb_button\" href=\"https:\/\/www.atotech.com\/de\/mks-atotech-faqs\/\">Erfahren Sie mehr<\/a><\/p>\n<p>[\/et_pb_text][\/et_pb_column][et_pb_column type=&#8220;1_4&#8243; _builder_version=&#8220;4.16&#8243; custom_padding=&#8220;|||&#8220; global_colors_info=&#8220;{}&#8220; custom_padding__hover=&#8220;|||&#8220;][\/et_pb_column][\/et_pb_row][\/et_pb_section]<\/p>\n","protected":false},"excerpt":{"rendered":"<p>Atotechs L\u00f6sungenProdukt\u00fcbersicht <nav class=\"atotech-breadcrumb\"><a href=\"https:\/\/www.atotech.com\/de\/\">Home<\/a> <span class=\"bc-divider\"><i class=\"icon-arrow\"><\/i><\/span> <span class=\"current-page\">Seite<\/span><\/nav> Unsere Produkte Unabh\u00e4ngig vom Markt oder dem Produktionssektor: Die Wahrscheinlichkeit ist hoch, dass das fertige Produkt Chemie von Atotech enth\u00e4lt. Wir sind zwar nicht \u00fcberall, aber Sie k\u00f6nnen unsere Produkte und L\u00f6sungen in einer Vielzahl an wichtigen Endm\u00e4rkten finden. Darunter sind Oberfl\u00e4chenveredelungen und Elektronik f\u00fcr die Automobilbranche, Kommunikationsl\u00f6sungen f\u00fcr Smartphones, Vernetzung und [&hellip;]<\/p>\n","protected":false},"author":4,"featured_media":0,"parent":0,"menu_order":0,"comment_status":"closed","ping_status":"closed","template":"","meta":{"_acf_changed":false,"_et_pb_use_builder":"on","_et_pb_old_content":"","_et_gb_content_width":"","iawp_total_views":2383,"footnotes":""},"class_list":["post-46893","page","type-page","status-publish","hentry"],"acf":[],"_links":{"self":[{"href":"https:\/\/www.atotech.com\/de\/wp-json\/wp\/v2\/pages\/46893","targetHints":{"allow":["GET"]}}],"collection":[{"href":"https:\/\/www.atotech.com\/de\/wp-json\/wp\/v2\/pages"}],"about":[{"href":"https:\/\/www.atotech.com\/de\/wp-json\/wp\/v2\/types\/page"}],"author":[{"embeddable":true,"href":"https:\/\/www.atotech.com\/de\/wp-json\/wp\/v2\/users\/4"}],"replies":[{"embeddable":true,"href":"https:\/\/www.atotech.com\/de\/wp-json\/wp\/v2\/comments?post=46893"}],"version-history":[{"count":5,"href":"https:\/\/www.atotech.com\/de\/wp-json\/wp\/v2\/pages\/46893\/revisions"}],"predecessor-version":[{"id":122937,"href":"https:\/\/www.atotech.com\/de\/wp-json\/wp\/v2\/pages\/46893\/revisions\/122937"}],"wp:attachment":[{"href":"https:\/\/www.atotech.com\/de\/wp-json\/wp\/v2\/media?parent=46893"}],"curies":[{"name":"wp","href":"https:\/\/api.w.org\/{rel}","templated":true}]}}